{"id":2,"date":"2026-04-23T10:44:33","date_gmt":"2026-04-23T10:44:33","guid":{"rendered":"https:\/\/apc.mynrgo.com\/?page_id=2"},"modified":"2026-04-23T15:41:01","modified_gmt":"2026-04-23T12:41:01","slug":"acasa","status":"publish","type":"page","link":"https:\/\/apc.mynrgo.com\/","title":{"rendered":"Acas\u0103"},"content":{"rendered":"<h1>Asocia\u021bia psihologi pentru comunitate<\/h1>\n<div>Sprijin Psihologic pentru o Comunitate S\u0103n\u0103toas\u0103.<br \/>\nDescoper\u0103 Asocia\u021bia psihologi pentru comunitate, dedicat\u0103 promov\u0103rii psihologiei \u00een diverse domenii. Implic\u0103-te \u00een activit\u0103\u021bi, cursuri \u0219i proiecte pentru o comunitate mai bun\u0103.<\/p>\n<\/div>\n<p><p>\n        <a href=\"\/activitati-si-proiecte\/\">Activit\u0103\u021bi \u0219i proiecte<\/a>\n    <\/p>\n<\/p>\n<ul>\n<li>\n<p>        <img decoding=\"async\" src=\"\/wp-content\/uploads\/home-company-heads-01.jpg\" alt=\"\"><\/p>\n<h3>John H. Anderson<\/h3>\n<p>CEO &#038; Founder<\/p>\n<p><a href=\"#\"><\/a><\/p>\n<\/li>\n<li>\n<p>        <img decoding=\"async\" src=\"\/wp-content\/uploads\/home-company-heads-02.jpg\" alt=\"\"><\/p>\n<h3>Peter Watson<\/h3>\n<p>CEO &#038; Founder<\/p>\n<p><a href=\"#\"><\/a><\/p>\n<\/li>\n<li>\n<p>        <img decoding=\"async\" src=\"\/wp-content\/uploads\/home-company-heads-03.jpg\" alt=\"\"><\/p>\n<h3>Paul B. Martin <\/h3>\n<p>Management<\/p>\n<p><a href=\"#\"><\/a><\/p>\n<\/li>\n<li>\n<p>        <img decoding=\"async\" src=\"\/wp-content\/uploads\/home-company-heads-03.jpg\" alt=\"\"><\/p>\n<h3>Paul B. Martin <\/h3>\n<p>Management<\/p>\n<p><a href=\"#\"><\/a><\/p>\n<\/li>\n<\/ul>\n<ul>\n<li>\n<p>        <img decoding=\"async\" src=\"\/wp-content\/uploads\/services-01-tax-planning.svg\" alt=\"\"><\/p>\n<h2>Tax Planning<\/h2>\n<div>Lorem ipsum dolor sit amet, consetetur adipscing elitr, sed  do eirmod tempor<\/div>\n<p><a href=\"#\"><\/a><\/p>\n<\/li>\n<li>\n<p>        <img decoding=\"async\" src=\"\/wp-content\/uploads\/services-02-legal-advisory.svg\" alt=\"\"><\/p>\n<h2>Legal Advisory<\/h2>\n<div>Lorem ipsum dolor sit amet, consetetur adipscing elitr, sed  do eirmod tempor<\/div>\n<p><a href=\"#\"><\/a><\/p>\n<\/li>\n<li>\n<p>        <img decoding=\"async\" src=\"\/wp-content\/uploads\/services-03-financial-services.svg\" alt=\"\"><\/p>\n<h2>Financial Services<\/h2>\n<div>Lorem ipsum dolor sit amet, consetetur adipscing elitr, sed  do eirmod tempor<\/div>\n<p><a href=\"#\"><\/a><\/p>\n<\/li>\n<li>\n<p>        <img decoding=\"async\" src=\"\/wp-content\/uploads\/services-05-audit-and-assurance.svg\" alt=\"\"><\/p>\n<h2>Audit &#038; Assurance<\/h2>\n<div>Lorem ipsum dolor sit amet, consetetur adipscing elitr, sed  do eirmod tempor<\/div>\n<p><a href=\"#\"><\/a><\/p>\n<\/li>\n<\/ul>\n<div>\n<h2>Why You Should Choose Us<\/h2>\n<div>Lorem ipsum dolor sit amet, consetetur sadipscing elitr, sed diam nonumy eirmod tempor invidunt ut labore et dolore magna aliquyam erat. <\/div>\n<p><a href=\"#\">Our Projects<\/a><\/p>\n<\/div>\n<div>26<\/div>\n<div>Years of Experience<br \/> In Business<\/div>\n<h2>Get a Personal Consultation<\/h2>\n<div>Lorem ipsum dolor sit amet, consetetur sadipscing elitr, sed diam nonumy eirmod tempor invidunt ut labore.ff<\/div>\n<ul>\n<li>\n<p>\n        <a href=\"#\">Send a Request<\/a>\n    <\/p>\n<\/li>\n<li>\n<p>\n        <a href=\"tel:+44555000015\">+44 555 00 00 15<\/a>\n    <\/p>\n<\/li>\n<\/ul>\n<h2>Our<span class=\"uk-text-primary\"> Clients<\/span><\/h2>\n<ul>\n<li>\n<p>        <img decoding=\"async\" src=\"\/wp-content\/uploads\/home-clients-01.svg\" alt=\"\"><\/p>\n<h3>Investment<\/h3>\n<p><a href=\"#\"><\/a><\/p>\n<\/li>\n<li>\n<p>        <img decoding=\"async\" src=\"\/wp-content\/uploads\/home-clients-02.svg\" alt=\"\"><\/p>\n<h3>Management Consulting<\/h3>\n<p><a href=\"#\"><\/a><\/p>\n<\/li>\n<li>\n<p>        <img decoding=\"async\" src=\"\/wp-content\/uploads\/home-clients-03.svg\" alt=\"\"><\/p>\n<h3>Investments &#038; Consulting<\/h3>\n<p><a href=\"#\"><\/a><\/p>\n<\/li>\n<li>\n<p>        <img decoding=\"async\" src=\"\/wp-content\/uploads\/home-clients-04.svg\" alt=\"\"><\/p>\n<h3>XIIO<\/h3>\n<p><a href=\"#\"><\/a><\/p>\n<\/li>\n<li>\n<p>        <img decoding=\"async\" src=\"\/wp-content\/uploads\/home-clients-05.svg\" alt=\"\"><\/p>\n<h3>Toms incop<\/h3>\n<p><a href=\"#\"><\/a><\/p>\n<\/li>\n<li>\n<p>        <img decoding=\"async\" src=\"\/wp-content\/uploads\/home-clients-06.svg\" alt=\"\"><\/p>\n<h3>Supplement<\/h3>\n<p><a href=\"#\"><\/a><\/p>\n<\/li>\n<li>\n<p>        <img decoding=\"async\" src=\"\/wp-content\/uploads\/home-clients-07.svg\" alt=\"\"><\/p>\n<h3>The Crosswo Law confirm<\/h3>\n<p><a href=\"#\"><\/a><\/p>\n<\/li>\n<li>\n<p>        <img decoding=\"async\" src=\"\/wp-content\/uploads\/home-clients-08.svg\" alt=\"\"><\/p>\n<h3>Consulting<\/h3>\n<p><a href=\"#\"><\/a><\/p>\n<\/li>\n<\/ul>\n<p><!--more--><br \/>\n<!-- {\"type\":\"layout\",\"children\":[{\"name\":\"Hero\",\"type\":\"section\",\"props\":{\"animation\":\"fade\",\"height\":\"viewport\",\"height_viewport\":true,\"image\":\"wp-content\/uploads\/2026\/04\/hero-section-img.webp\",\"image_loading\":true,\"image_position\":\"top-center\",\"image_size\":\"cover\",\"image_width\":\"1560\",\"padding_bottom\":\"small\",\"padding_top\":\"small\",\"style\":\"secondary\",\"title_breakpoint\":\"xl\",\"title_position\":\"top-left\",\"title_rotation\":\"left\",\"vertical_align\":\"\",\"width\":\"large\"},\"children\":[{\"type\":\"row\",\"props\":{\"column_gap\":\"collapse\",\"divider\":false,\"layout\":\"large,expand\",\"row_gap\":\"collapse\"},\"children\":[{\"type\":\"column\",\"props\":{\"background_color\":\"rgba(61, 185, 213, 0.55)\",\"image_position\":\"center-center\",\"padding\":\"xlarge\",\"position_sticky_breakpoint\":\"m\",\"preserve_color\":false,\"width_medium\":\"2xlarge\"},\"children\":[{\"type\":\"headline\",\"props\":{\"block_align\":\"center\",\"content\":\"Asocia\u021bia psihologi pentru comunitate\",\"image_align\":\"left\",\"image_margin\":\"xsmall\",\"margin_bottom\":\"remove\",\"maxwidth\":\"large\",\"title_element\":\"h1\",\"title_style\":\"h2\"}},{\"type\":\"text\",\"props\":{\"block_align\":\"center\",\"column_breakpoint\":\"m\",\"content\":\"Sprijin Psihologic pentru o Comunitate S\u0103n\u0103toas\u0103.<br \/>\\nDescoper\u0103 Asocia\u021bia psihologi pentru comunitate, dedicat\u0103 promov\u0103rii psihologiei \u00een diverse domenii. Implic\u0103-te \u00een activit\u0103\u021bi, cursuri \u0219i proiecte pentru o comunitate mai bun\u0103.\\n\\n\",\"margin_bottom\":\"small\",\"margin_top\":\"small\",\"maxwidth\":\"large\"}},{\"type\":\"button\",\"props\":{\"block_align\":\"center\",\"grid_column_gap\":\"small\",\"grid_row_gap\":\"small\",\"margin_bottom\":\"medium\",\"margin_top\":\"medium\",\"maxwidth\":\"large\"},\"children\":[{\"type\":\"button_item\",\"props\":{\"button_style\":\"text\",\"content\":\"Activit\u0103\u021bi \u0219i proiecte\",\"dialog_layout\":\"modal\",\"dialog_offcanvas_flip\":true,\"icon_align\":\"left\",\"link\":\"activitati-si-proiecte\/\"}}]}]},{\"type\":\"column\",\"props\":{\"image_position\":\"center-center\",\"position_sticky_breakpoint\":\"m\",\"width_medium\":\"expand\"}}]}]},{\"name\":\"Team\",\"type\":\"section\",\"props\":{\"animation_delay\":false,\"height_viewport\":false,\"image_position\":\"center-center\",\"image_size\":\"cover\",\"padding_bottom\":\"xsmall\",\"padding_top\":\"xsmall\",\"style\":\"default\",\"text_color\":\"light\",\"title_breakpoint\":\"xl\",\"title_position\":\"top-left\",\"title_rotation\":\"left\",\"vertical_align\":\"\",\"width\":\"large\"},\"children\":[{\"type\":\"row\",\"props\":{\"column_gap\":\"medium\",\"row_gap\":\"medium\"},\"children\":[{\"type\":\"column\",\"props\":{\"image_height\":\"558\",\"image_position\":\"center-center\",\"image_size\":\"cover\",\"image_width\":\"522\",\"padding\":\"xlarge\",\"position_sticky_breakpoint\":\"m\",\"width_medium\":\"1-1\"},\"children\":[{\"type\":\"gallery\",\"props\":{\"filter_align\":\"left\",\"filter_all\":true,\"filter_grid_breakpoint\":\"m\",\"filter_grid_width\":\"auto\",\"filter_position\":\"top\",\"filter_style\":\"tab\",\"grid_column_gap\":\"medium\",\"grid_default\":\"1\",\"grid_large\":\"4\",\"grid_medium\":\"\",\"grid_row_gap\":\"medium\",\"grid_small\":\"2\",\"image_width\":\"640\",\"item_animation\":true,\"lightbox_bg_close\":true,\"link_style\":\"default\",\"link_text\":\"\",\"margin_bottom\":\"default\",\"margin_top\":\"default\",\"meta_align\":\"below-title\",\"meta_element\":\"div\",\"meta_margin\":\"remove\",\"meta_style\":\"text-meta\",\"overlay_hover\":true,\"overlay_link\":true,\"overlay_margin\":\"small\",\"overlay_mode\":\"caption\",\"overlay_padding\":\"small\",\"overlay_position\":\"bottom\",\"overlay_style\":\"tile-primary\",\"overlay_transition\":\"fade\",\"parallax_easing\":\"1\",\"show_content\":true,\"show_hover_image\":true,\"show_hover_video\":true,\"show_link\":true,\"show_meta\":true,\"show_title\":true,\"text_align\":\"left\",\"text_color\":\"light\",\"title_element\":\"h3\",\"title_hover_style\":\"reset\",\"title_style\":\"h4\"},\"children\":[{\"type\":\"gallery_item\",\"props\":{\"content\":\"\",\"image\":\"wp-content\/uploads\/home-company-heads-01.jpg\",\"link\":\"#\",\"meta\":\"CEO & Founder\",\"title\":\"John H. Anderson\"}},{\"type\":\"gallery_item\",\"props\":{\"image\":\"wp-content\/uploads\/home-company-heads-02.jpg\",\"link\":\"#\",\"meta\":\"CEO & Founder\",\"title\":\"Peter Watson\"}},{\"type\":\"gallery_item\",\"props\":{\"image\":\"wp-content\/uploads\/home-company-heads-03.jpg\",\"link\":\"#\",\"meta\":\"Management\",\"title\":\"Paul B. Martin \"}},{\"type\":\"gallery_item\",\"props\":{\"image\":\"wp-content\/uploads\/home-company-heads-03.jpg\",\"link\":\"#\",\"meta\":\"Management\",\"title\":\"Paul B. Martin \"}}]}]}]}]},{\"name\":\"Services\",\"type\":\"section\",\"props\":{\"animation\":\"slide-top-small\",\"animation_delay\":false,\"height_viewport\":false,\"image_position\":\"center-center\",\"image_size\":\"cover\",\"padding_bottom\":\"large\",\"padding_top\":\"large\",\"style\":\"default\",\"title_breakpoint\":\"xl\",\"title_position\":\"top-left\",\"title_rotation\":\"left\",\"vertical_align\":\"\",\"width\":\"large\"},\"children\":[{\"type\":\"row\",\"props\":{\"column_gap\":\"small\",\"row_gap\":\"small\"},\"children\":[{\"type\":\"column\",\"props\":{\"image_position\":\"center-center\",\"position_sticky_breakpoint\":\"m\",\"width_medium\":\"1-1\"},\"children\":[{\"type\":\"grid\",\"props\":{\"content_column_breakpoint\":\"m\",\"filter_align\":\"left\",\"filter_all\":true,\"filter_grid_breakpoint\":\"m\",\"filter_grid_width\":\"auto\",\"filter_position\":\"top\",\"filter_style\":\"tab\",\"grid_column_gap\":\"medium\",\"grid_default\":\"1\",\"grid_medium\":\"4\",\"grid_row_gap\":\"medium\",\"grid_small\":\"2\",\"image_align\":\"top\",\"image_grid_breakpoint\":\"m\",\"image_grid_width\":\"1-2\",\"image_loading\":true,\"image_svg_animate\":true,\"image_svg_color\":\"primary\",\"image_svg_inline\":true,\"item_animation\":true,\"lightbox_bg_close\":true,\"link_style\":\"default\",\"link_text\":\"\",\"margin_bottom\":\"default\",\"margin_top\":\"default\",\"meta_align\":\"below-title\",\"meta_element\":\"div\",\"meta_style\":\"text-meta\",\"panel_link\":true,\"panel_padding\":\"default\",\"panel_style\":\"card-hover\",\"parallax_easing\":\"1\",\"show_content\":true,\"show_hover_image\":true,\"show_hover_video\":true,\"show_image\":true,\"show_link\":true,\"show_meta\":true,\"show_title\":true,\"show_video\":true,\"text_align\":\"center\",\"title_align\":\"top\",\"title_element\":\"h2\",\"title_grid_breakpoint\":\"m\",\"title_grid_width\":\"1-2\",\"title_hover_style\":\"reset\",\"title_style\":\"h4\"},\"children\":[{\"type\":\"grid_item\",\"props\":{\"content\":\"Lorem ipsum dolor sit amet, consetetur adipscing elitr, sed  do eirmod tempor\",\"image\":\"wp-content\/uploads\/services-01-tax-planning.svg\",\"link\":\"#\",\"title\":\"Tax Planning\"}},{\"type\":\"grid_item\",\"props\":{\"content\":\"Lorem ipsum dolor sit amet, consetetur adipscing elitr, sed  do eirmod tempor\",\"image\":\"wp-content\/uploads\/services-02-legal-advisory.svg\",\"link\":\"#\",\"title\":\"Legal Advisory\"}},{\"type\":\"grid_item\",\"props\":{\"content\":\"Lorem ipsum dolor sit amet, consetetur adipscing elitr, sed  do eirmod tempor\",\"image\":\"wp-content\/uploads\/services-03-financial-services.svg\",\"link\":\"#\",\"title\":\"Financial Services\"}},{\"type\":\"grid_item\",\"props\":{\"content\":\"Lorem ipsum dolor sit amet, consetetur adipscing elitr, sed  do eirmod tempor\",\"image\":\"wp-content\/uploads\/services-05-audit-and-assurance.svg\",\"link\":\"#\",\"title\":\"Audit & Assurance\"}}]}]}]}]},{\"name\":\"Company\",\"type\":\"section\",\"props\":{\"animation_delay\":false,\"height_viewport\":false,\"image\":\"wp-content\/uploads\/home-company-bg.jpg\",\"image_effect\":\"parallax\",\"image_parallax_bgy\":\"-100,100\",\"image_parallax_breakpoint\":\"m\",\"image_parallax_easing\":\"1\",\"image_position\":\"center-center\",\"image_size\":\"cover\",\"image_width\":\"1560\",\"padding_bottom\":\"xlarge\",\"padding_top\":\"xlarge\",\"status\":\"disabled\",\"style\":\"default\",\"title_breakpoint\":\"xl\",\"title_position\":\"top-left\",\"title_rotation\":\"left\",\"vertical_align\":\"\",\"width\":\"small\"},\"children\":[{\"type\":\"row\",\"props\":{\"column_gap\":\"small\",\"layout\":\"1-2,1-2\",\"row_gap\":\"small\",\"width\":\"default\"},\"children\":[{\"type\":\"column\",\"props\":{\"image_position\":\"center-center\",\"position_sticky_breakpoint\":\"m\",\"width_medium\":\"1-2\"},\"children\":[{\"type\":\"panel\",\"props\":{\"block_align\":\"center\",\"content\":\"Lorem ipsum dolor sit amet, consetetur sadipscing elitr, sed diam nonumy eirmod tempor invidunt ut labore et dolore magna aliquyam erat. \",\"content_column_breakpoint\":\"m\",\"icon\":\"\",\"image_align\":\"top\",\"image_grid_breakpoint\":\"m\",\"image_grid_width\":\"1-2\",\"image_svg_color\":\"emphasis\",\"link\":\"#\",\"link_style\":\"primary\",\"link_text\":\"Our Company\",\"margin_bottom\":\"\",\"margin_top\":\"\",\"maxwidth\":\"large\",\"meta_align\":\"below-title\",\"meta_element\":\"div\",\"meta_style\":\"text-meta\",\"text_align\":\"left\",\"title\":\"Do Great Work<br \/> With Great People\",\"title_align\":\"top\",\"title_element\":\"h2\",\"title_grid_breakpoint\":\"m\",\"title_grid_width\":\"1-2\",\"title_hover_style\":\"reset\",\"title_style\":\"h3\"}}]},{\"type\":\"column\",\"props\":{\"image_position\":\"center-center\",\"position_sticky_breakpoint\":\"m\",\"width_medium\":\"1-2\"}}]}]},{\"name\":\"Projects\",\"type\":\"section\",\"props\":{\"animation_delay\":false,\"height_viewport\":false,\"image_height\":\"569\",\"image_position\":\"center-center\",\"image_size\":\"cover\",\"image_width\":\"1567\",\"padding_bottom\":\"large\",\"padding_top\":\"large\",\"style\":\"default\",\"title_breakpoint\":\"xl\",\"title_position\":\"top-left\",\"title_rotation\":\"left\",\"vertical_align\":\"\",\"width\":\"small\"},\"children\":[{\"type\":\"row\",\"props\":{\"column_gap\":\"large\",\"layout\":\"1-2,1-2\",\"row_gap\":\"large\",\"width\":\"default\"},\"children\":[{\"type\":\"column\",\"props\":{\"image_position\":\"center-center\",\"position_sticky_breakpoint\":\"m\",\"vertical_align\":\"middle\",\"width_small\":\"1-2\"},\"children\":[{\"type\":\"panel\",\"props\":{\"block_align\":\"right\",\"content\":\"Lorem ipsum dolor sit amet, consetetur sadipscing elitr, sed diam nonumy eirmod tempor invidunt ut labore et dolore magna aliquyam erat. \",\"content_column_breakpoint\":\"m\",\"icon\":\"\",\"image_align\":\"top\",\"image_grid_breakpoint\":\"m\",\"image_grid_width\":\"1-2\",\"image_svg_color\":\"emphasis\",\"link\":\"#\",\"link_style\":\"primary\",\"link_text\":\"Our Projects\",\"margin_bottom\":\"default\",\"margin_top\":\"default\",\"meta_align\":\"below-title\",\"meta_element\":\"div\",\"meta_style\":\"text-meta\",\"text_align\":\"left\",\"title\":\"Why You Should Choose Us\",\"title_align\":\"top\",\"title_element\":\"h2\",\"title_grid_breakpoint\":\"m\",\"title_grid_width\":\"1-2\",\"title_hover_style\":\"reset\",\"title_style\":\"h3\"}}]},{\"type\":\"column\",\"props\":{\"image_position\":\"center-center\",\"position_sticky_breakpoint\":\"m\",\"vertical_align\":\"middle\",\"width_small\":\"1-2\"},\"children\":[{\"type\":\"headline\",\"props\":{\"animation\":\"none\",\"content\":\"26\",\"image_align\":\"left\",\"image_margin\":\"xsmall\",\"title_color\":\"primary\",\"title_element\":\"div\",\"title_style\":\"heading-xlarge\"}},{\"type\":\"headline\",\"props\":{\"content\":\"Years of Experience<br \/> In Business\",\"image_align\":\"left\",\"image_margin\":\"xsmall\",\"margin_top\":\"remove\",\"title_color\":\"muted\",\"title_element\":\"div\",\"title_style\":\"h5\"}}]}]}]},{\"name\":\"Contact\",\"type\":\"section\",\"props\":{\"animation_delay\":false,\"image_position\":\"center-center\",\"padding_bottom\":\"none\",\"padding_top\":\"none\",\"style\":\"default\",\"title_breakpoint\":\"xl\",\"title_position\":\"top-left\",\"title_rotation\":\"left\",\"vertical_align\":\"\",\"width\":\"\"},\"children\":[{\"type\":\"row\",\"props\":{\"column_gap\":\"collapse\",\"layout\":\"1-2,1-2\",\"row_gap\":\"collapse\"},\"children\":[{\"type\":\"column\",\"props\":{\"image\":\"wp-content\/uploads\/home-contact-01.jpg\",\"image_position\":\"center-center\",\"image_size\":\"cover\",\"image_width\":\"780\",\"media_visibility\":\"s\",\"position_sticky_breakpoint\":\"m\",\"style\":\"tile-default\",\"width_small\":\"1-2\"}},{\"type\":\"column\",\"props\":{\"image\":\"wp-content\/uploads\/home-contact-02.jpg\",\"image_position\":\"center-center\",\"image_size\":\"cover\",\"image_width\":\"780\",\"media_background\":\"#213b93\",\"media_blend_mode\":\"multiply\",\"media_overlay\":\"rgba(33, 59, 147, 0.75)\",\"padding\":\"large\",\"position_sticky_breakpoint\":\"m\",\"preserve_color\":false,\"style\":\"tile-default\",\"text_color\":\"light\",\"width_small\":\"1-2\"},\"children\":[{\"type\":\"headline\",\"props\":{\"block_align\":\"center\",\"content\":\"Get a Personal Consultation\",\"image_align\":\"left\",\"image_margin\":\"xsmall\",\"maxwidth\":\"large\",\"text_align\":\"left\",\"title_element\":\"h2\"}},{\"type\":\"text\",\"props\":{\"block_align\":\"center\",\"column_breakpoint\":\"m\",\"content\":\"Lorem ipsum dolor sit amet, consetetur sadipscing elitr, sed diam nonumy eirmod tempor invidunt ut labore.ff\",\"margin_bottom\":\"default\",\"margin_top\":\"default\",\"maxwidth\":\"large\"}},{\"type\":\"button\",\"props\":{\"block_align\":\"center\",\"grid_column_gap\":\"medium\",\"grid_row_gap\":\"medium\",\"margin_bottom\":\"large\",\"margin_top\":\"large\",\"maxwidth\":\"large\"},\"children\":[{\"type\":\"button_item\",\"props\":{\"button_style\":\"primary\",\"content\":\"Send a Request\",\"dialog_layout\":\"modal\",\"dialog_offcanvas_flip\":true,\"icon_align\":\"left\",\"link\":\"#\"}},{\"type\":\"button_item\",\"props\":{\"button_style\":\"\",\"content\":\"+44 555 00 00 15\",\"dialog_layout\":\"modal\",\"dialog_offcanvas_flip\":true,\"icon_align\":\"left\",\"link\":\"tel:+44555000015\"}}]}]}]}]},{\"name\":\"Clients\",\"type\":\"section\",\"props\":{\"animation\":\"fade\",\"animation_delay\":\"200\",\"image_position\":\"center-center\",\"padding_bottom\":\"large\",\"padding_top\":\"large\",\"style\":\"default\",\"title_breakpoint\":\"xl\",\"title_position\":\"top-left\",\"title_rotation\":\"left\",\"vertical_align\":\"\",\"width\":\"default\"},\"children\":[{\"type\":\"row\",\"children\":[{\"type\":\"column\",\"props\":{\"image_position\":\"center-center\",\"position_sticky_breakpoint\":\"m\",\"width_medium\":\"1-1\"},\"children\":[{\"type\":\"headline\",\"props\":{\"content\":\"Our<span class=\\\"uk-text-primary\\\"> Clients<\/span>\",\"image_align\":\"left\",\"image_margin\":\"xsmall\",\"margin_bottom\":\"large\",\"margin_top\":\"large\",\"text_align\":\"center\",\"title_element\":\"h2\"}},{\"type\":\"gallery\",\"props\":{\"animation\":\"none\",\"filter_align\":\"left\",\"filter_all\":true,\"filter_grid_breakpoint\":\"m\",\"filter_grid_width\":\"auto\",\"filter_position\":\"top\",\"filter_style\":\"tab\",\"grid_column_gap\":\"large\",\"grid_default\":\"2\",\"grid_medium\":\"\",\"grid_row_gap\":\"large\",\"grid_small\":\"4\",\"item_animation\":true,\"lightbox_bg_close\":true,\"link_style\":\"default\",\"link_text\":\"\",\"margin_bottom\":\"medium\",\"margin_top\":\"medium\",\"meta_align\":\"below-title\",\"meta_element\":\"div\",\"meta_style\":\"text-meta\",\"overlay_hover\":false,\"overlay_link\":true,\"overlay_mode\":\"caption\",\"overlay_position\":\"center\",\"overlay_style\":\"\",\"overlay_transition\":\"fade\",\"parallax_easing\":\"1\",\"show_content\":true,\"show_hover_image\":false,\"show_hover_video\":true,\"show_link\":true,\"show_meta\":false,\"show_title\":false,\"text_align\":\"center\",\"text_color\":\"light\",\"title_element\":\"h3\",\"title_hover_style\":\"reset\"},\"children\":[{\"type\":\"gallery_item\",\"props\":{\"image\":\"wp-content\/uploads\/home-clients-01.svg\",\"link\":\"#\",\"title\":\"Investment\"}},{\"type\":\"gallery_item\",\"props\":{\"image\":\"wp-content\/uploads\/home-clients-02.svg\",\"link\":\"#\",\"title\":\"Management Consulting\"}},{\"type\":\"gallery_item\",\"props\":{\"image\":\"wp-content\/uploads\/home-clients-03.svg\",\"link\":\"#\",\"title\":\"Investments & Consulting\"}},{\"type\":\"gallery_item\",\"props\":{\"image\":\"wp-content\/uploads\/home-clients-04.svg\",\"link\":\"#\",\"title\":\"XIIO\"}},{\"type\":\"gallery_item\",\"props\":{\"image\":\"wp-content\/uploads\/home-clients-05.svg\",\"link\":\"#\",\"title\":\"Toms incop\"}},{\"type\":\"gallery_item\",\"props\":{\"image\":\"wp-content\/uploads\/home-clients-06.svg\",\"link\":\"#\",\"title\":\"Supplement\"}},{\"type\":\"gallery_item\",\"props\":{\"image\":\"wp-content\/uploads\/home-clients-07.svg\",\"link\":\"#\",\"title\":\"The Crosswo Law confirm\"}},{\"type\":\"gallery_item\",\"props\":{\"image\":\"wp-content\/uploads\/home-clients-08.svg\",\"link\":\"#\",\"title\":\"Consulting\"}}]}]}]}]}],\"version\":\"5.0.29\"} --><\/p>\n","protected":false},"excerpt":{"rendered":"<p>Asocia\u021bia psihologi pentru comunitate Sprijin Psihologic pentru o Comunitate S\u0103n\u0103toas\u0103. Descoper\u0103 Asocia\u021bia psihologi pentru comunitate, dedicat\u0103 promov\u0103rii psihologiei \u00een diverse domenii. Implic\u0103-te \u00een activit\u0103\u021bi, cursuri \u0219i proiecte pentru o comunitate mai bun\u0103. Activit\u0103\u021bi \u0219i proiecte John H. Anderson CEO &#038; Founder Peter Watson CEO &#038; Founder Paul B. Martin Management Paul B. Martin Management Tax [&hellip;]<\/p>\n","protected":false},"author":1,"featured_media":0,"parent":0,"menu_order":0,"comment_status":"closed","ping_status":"closed","template":"","meta":{"footnotes":""},"class_list":["post-2","page","type-page","status-publish","hentry"],"_links":{"self":[{"href":"https:\/\/apc.mynrgo.com\/index.php?rest_route=\/wp\/v2\/pages\/2","targetHints":{"allow":["GET"]}}],"collection":[{"href":"https:\/\/apc.mynrgo.com\/index.php?rest_route=\/wp\/v2\/pages"}],"about":[{"href":"https:\/\/apc.mynrgo.com\/index.php?rest_route=\/wp\/v2\/types\/page"}],"author":[{"embeddable":true,"href":"https:\/\/apc.mynrgo.com\/index.php?rest_route=\/wp\/v2\/users\/1"}],"replies":[{"embeddable":true,"href":"https:\/\/apc.mynrgo.com\/index.php?rest_route=%2Fwp%2Fv2%2Fcomments&post=2"}],"version-history":[{"count":9,"href":"https:\/\/apc.mynrgo.com\/index.php?rest_route=\/wp\/v2\/pages\/2\/revisions"}],"predecessor-version":[{"id":56,"href":"https:\/\/apc.mynrgo.com\/index.php?rest_route=\/wp\/v2\/pages\/2\/revisions\/56"}],"wp:attachment":[{"href":"https:\/\/apc.mynrgo.com\/index.php?rest_route=%2Fwp%2Fv2%2Fmedia&parent=2"}],"curies":[{"name":"wp","href":"https:\/\/api.w.org\/{rel}","templated":true}]}}